{"id":11,"date":"2025-10-07T10:44:58","date_gmt":"2025-10-07T08:44:58","guid":{"rendered":"http:\/\/yellow-knights-mc.de\/?page_id=11"},"modified":"2025-10-09T09:23:55","modified_gmt":"2025-10-09T07:23:55","slug":"chapter","status":"publish","type":"page","link":"http:\/\/yellow-knights-mc.de\/?page_id=11","title":{"rendered":"Chapter"},"content":{"rendered":"\t\t<div data-elementor-type=\"wp-page\" data-elementor-id=\"11\" class=\"elementor elementor-11\">\n\t\t\t\t<div class=\"elementor-element elementor-element-c64bd08 e-flex e-con-boxed e-con e-parent\" data-id=\"c64bd08\" data-element_type=\"container\" data-e-type=\"container\" data-settings=\"{&quot;background_background&quot;:&quot;classic&quot;}\">\n\t\t\t\t\t<div class=\"e-con-inner\">\n\t\t\t\t<div class=\"elementor-element elementor-element-6ffbe2c elementor-widget elementor-widget-image\" data-id=\"6ffbe2c\" data-element_type=\"widget\" data-e-type=\"widget\" data-widget_type=\"image.default\">\n\t\t\t\t\t\t\t\t\t\t\t\t\t\t\t<img fetchpriority=\"high\" decoding=\"async\" width=\"771\" height=\"771\" src=\"http:\/\/yellow-knights-mc.de\/wp-content\/uploads\/2025\/10\/237286657_304095294841744_4239027503532817892_n.jpg\" class=\"attachment-large size-large wp-image-208\" alt=\"\" srcset=\"http:\/\/yellow-knights-mc.de\/wp-content\/uploads\/2025\/10\/237286657_304095294841744_4239027503532817892_n.jpg 771w, http:\/\/yellow-knights-mc.de\/wp-content\/uploads\/2025\/10\/237286657_304095294841744_4239027503532817892_n-300x300.jpg 300w, http:\/\/yellow-knights-mc.de\/wp-content\/uploads\/2025\/10\/237286657_304095294841744_4239027503532817892_n-150x150.jpg 150w, http:\/\/yellow-knights-mc.de\/wp-content\/uploads\/2025\/10\/237286657_304095294841744_4239027503532817892_n-768x768.jpg 768w\" sizes=\"(max-width: 771px) 100vw, 771px\" \/>\t\t\t\t\t\t\t\t\t\t\t\t\t\t\t<\/div>\n\t\t\t\t\t<\/div>\n\t\t\t\t<\/div>\n\t\t<div class=\"elementor-element elementor-element-6bca09f e-flex e-con-boxed e-con e-parent\" data-id=\"6bca09f\" data-element_type=\"container\" data-e-type=\"container\">\n\t\t\t\t\t<div class=\"e-con-inner\">\n\t\t\t\t<div class=\"elementor-element elementor-element-5545e5e elementor-widget elementor-widget-text-editor\" data-id=\"5545e5e\" data-element_type=\"widget\" data-e-type=\"widget\" data-widget_type=\"text-editor.default\">\n\t\t\t\t\t\t\t\t\t<p>Um die Struktur des Vereins zu verbessern, war die Gr\u00fcndung von Chaptern notwendig, die vom Internationalen Vorstand genehmigt werden muss. Chapter sind Gruppen des Vereins in bestimmten Regionen oder St\u00e4dten, wo der Verein aktiv ist. Jedes Chapter muss mindestens 7 aktive Mitglieder haben. Diese w\u00e4hlen eine eigene F\u00fchrung, die den Vorstand des Vereins unterst\u00fctzt. Der Internationale Vorstand k\u00fcmmert sich um die Belange des gesamten Vereins. Die Vorst\u00e4nde aller Chapter kommen mindestens einmal im Jahr zusammen.<\/p>\t\t\t\t\t\t\t\t<\/div>\n\t\t\t\t\t<\/div>\n\t\t\t\t<\/div>\n\t\t<div class=\"elementor-element elementor-element-a27f0c0 e-flex e-con-boxed e-con e-parent\" data-id=\"a27f0c0\" data-element_type=\"container\" data-e-type=\"container\">\n\t\t\t\t\t<div class=\"e-con-inner\">\n\t\t\t\t<div class=\"elementor-element elementor-element-5e74de1 elementor-widget elementor-widget-image\" data-id=\"5e74de1\" data-element_type=\"widget\" data-e-type=\"widget\" data-widget_type=\"image.default\">\n\t\t\t\t\t\t\t\t\t\t\t\t\t\t\t<img decoding=\"async\" width=\"1024\" height=\"576\" src=\"http:\/\/yellow-knights-mc.de\/wp-content\/uploads\/2025\/10\/WhatsApp-Bild-2025-09-13-um-17.19.23_915ceb28-1024x576.jpg\" class=\"attachment-large size-large wp-image-135\" alt=\"\" srcset=\"http:\/\/yellow-knights-mc.de\/wp-content\/uploads\/2025\/10\/WhatsApp-Bild-2025-09-13-um-17.19.23_915ceb28-1024x576.jpg 1024w, http:\/\/yellow-knights-mc.de\/wp-content\/uploads\/2025\/10\/WhatsApp-Bild-2025-09-13-um-17.19.23_915ceb28-300x169.jpg 300w, http:\/\/yellow-knights-mc.de\/wp-content\/uploads\/2025\/10\/WhatsApp-Bild-2025-09-13-um-17.19.23_915ceb28-768x432.jpg 768w, http:\/\/yellow-knights-mc.de\/wp-content\/uploads\/2025\/10\/WhatsApp-Bild-2025-09-13-um-17.19.23_915ceb28-1536x864.jpg 1536w, http:\/\/yellow-knights-mc.de\/wp-content\/uploads\/2025\/10\/WhatsApp-Bild-2025-09-13-um-17.19.23_915ceb28.jpg 1600w\" sizes=\"(max-width: 1024px) 100vw, 1024px\" \/>\t\t\t\t\t\t\t\t\t\t\t\t\t\t\t<\/div>\n\t\t\t\t\t<\/div>\n\t\t\t\t<\/div>\n\t\t\t\t<\/div>\n\t\t","protected":false},"excerpt":{"rendered":"<p>Um die Struktur des Vereins zu verbessern, war die Gr\u00fcndung von Chaptern notwendig, die vom Internationalen Vorstand genehmigt werden muss. [&hellip;]<\/p>\n","protected":false},"author":1,"featured_media":0,"parent":0,"menu_order":3,"comment_status":"closed","ping_status":"closed","template":"","meta":{"site-sidebar-layout":"no-sidebar","site-content-layout":"","ast-site-content-layout":"full-width-container","site-content-style":"default","site-sidebar-style":"default","ast-global-header-display":"","ast-banner-title-visibility":"","ast-main-header-display":"","ast-hfb-above-header-display":"","ast-hfb-below-header-display":"","ast-hfb-mobile-header-display":"","site-post-title":"disabled","ast-breadcrumbs-content":"","ast-featured-img":"disabled","footer-sml-layout":"","ast-disable-related-posts":"","theme-transparent-header-meta":"","adv-header-id-meta":"","stick-header-meta":"","header-above-stick-meta":"","header-main-stick-meta":"","header-below-stick-meta":"","astra-migrate-meta-layouts":"default","ast-page-background-enabled":"default","ast-page-background-meta":{"desktop":{"background-color":"var(--ast-global-color-5)","background-image":"","background-repeat":"repeat","background-position":"center center","background-size":"auto","background-attachment":"scroll","background-type":"","background-media":"","overlay-type":"","overlay-color":"","overlay-opacity":"","overlay-gradient":""},"tablet":{"background-color":"","background-image":"","background-repeat":"repeat","background-position":"center center","background-size":"auto","background-attachment":"scroll","background-type":"","background-media":"","overlay-type":"","overlay-color":"","overlay-opacity":"","overlay-gradient":""},"mobile":{"background-color":"","background-image":"","background-repeat":"repeat","background-position":"center center","background-size":"auto","background-attachment":"scroll","background-type":"","background-media":"","overlay-type":"","overlay-color":"","overlay-opacity":"","overlay-gradient":""}},"ast-content-background-meta":{"desktop":{"background-color":"var(--ast-global-color-4)","background-image":"","background-repeat":"repeat","background-position":"center center","background-size":"auto","background-attachment":"scroll","background-type":"","background-media":"","overlay-type":"","overlay-color":"","overlay-opacity":"","overlay-gradient":""},"tablet":{"background-color":"var(--ast-global-color-4)","background-image":"","background-repeat":"repeat","background-position":"center center","background-size":"auto","background-attachment":"scroll","background-type":"","background-media":"","overlay-type":"","overlay-color":"","overlay-opacity":"","overlay-gradient":""},"mobile":{"background-color":"var(--ast-global-color-4)","background-image":"","background-repeat":"repeat","background-position":"center center","background-size":"auto","background-attachment":"scroll","background-type":"","background-media":"","overlay-type":"","overlay-color":"","overlay-opacity":"","overlay-gradient":""}},"footnotes":""},"class_list":["post-11","page","type-page","status-publish","hentry"],"jetpack_sharing_enabled":true,"_links":{"self":[{"href":"http:\/\/yellow-knights-mc.de\/index.php?rest_route=\/wp\/v2\/pages\/11","targetHints":{"allow":["GET"]}}],"collection":[{"href":"http:\/\/yellow-knights-mc.de\/index.php?rest_route=\/wp\/v2\/pages"}],"about":[{"href":"http:\/\/yellow-knights-mc.de\/index.php?rest_route=\/wp\/v2\/types\/page"}],"author":[{"embeddable":true,"href":"http:\/\/yellow-knights-mc.de\/index.php?rest_route=\/wp\/v2\/users\/1"}],"replies":[{"embeddable":true,"href":"http:\/\/yellow-knights-mc.de\/index.php?rest_route=%2Fwp%2Fv2%2Fcomments&post=11"}],"version-history":[{"count":10,"href":"http:\/\/yellow-knights-mc.de\/index.php?rest_route=\/wp\/v2\/pages\/11\/revisions"}],"predecessor-version":[{"id":442,"href":"http:\/\/yellow-knights-mc.de\/index.php?rest_route=\/wp\/v2\/pages\/11\/revisions\/442"}],"wp:attachment":[{"href":"http:\/\/yellow-knights-mc.de\/index.php?rest_route=%2Fwp%2Fv2%2Fmedia&parent=11"}],"curies":[{"name":"wp","href":"https:\/\/api.w.org\/{rel}","templated":true}]}}