{"id":186,"date":"2025-10-07T16:22:41","date_gmt":"2025-10-07T14:22:41","guid":{"rendered":"http:\/\/yellow-knights-mc.de\/?page_id=186"},"modified":"2025-10-08T14:30:21","modified_gmt":"2025-10-08T12:30:21","slug":"knights-of-the-round-table","status":"publish","type":"page","link":"http:\/\/yellow-knights-mc.de\/?page_id=186","title":{"rendered":"Knights of the Round Table"},"content":{"rendered":"\t\t<div data-elementor-type=\"wp-page\" data-elementor-id=\"186\" class=\"elementor elementor-186\">\n\t\t\t\t<div class=\"elementor-element elementor-element-4f5a06b e-flex e-con-boxed e-con e-parent\" data-id=\"4f5a06b\" data-element_type=\"container\" data-e-type=\"container\" data-settings=\"{&quot;background_background&quot;:&quot;classic&quot;}\">\n\t\t\t\t\t<div class=\"e-con-inner\">\n\t\t\t\t<div class=\"elementor-element elementor-element-e0ac4f9 elementor-widget__width-initial elementor-widget elementor-widget-image\" data-id=\"e0ac4f9\" data-element_type=\"widget\" data-e-type=\"widget\" data-widget_type=\"image.default\">\n\t\t\t\t\t\t\t\t\t\t\t\t\t\t\t<img fetchpriority=\"high\" decoding=\"async\" width=\"1024\" height=\"1024\" src=\"http:\/\/yellow-knights-mc.de\/wp-content\/uploads\/2025\/10\/Patch-7-1024x1024.png\" class=\"attachment-large size-large wp-image-98\" alt=\"\" srcset=\"http:\/\/yellow-knights-mc.de\/wp-content\/uploads\/2025\/10\/Patch-7-1024x1024.png 1024w, http:\/\/yellow-knights-mc.de\/wp-content\/uploads\/2025\/10\/Patch-7-300x300.png 300w, http:\/\/yellow-knights-mc.de\/wp-content\/uploads\/2025\/10\/Patch-7-150x150.png 150w, http:\/\/yellow-knights-mc.de\/wp-content\/uploads\/2025\/10\/Patch-7-768x768.png 768w, http:\/\/yellow-knights-mc.de\/wp-content\/uploads\/2025\/10\/Patch-7-1536x1536.png 1536w, http:\/\/yellow-knights-mc.de\/wp-content\/uploads\/2025\/10\/Patch-7.png 1919w\" sizes=\"(max-width: 1024px) 100vw, 1024px\" \/>\t\t\t\t\t\t\t\t\t\t\t\t\t\t\t<\/div>\n\t\t\t\t\t<\/div>\n\t\t\t\t<\/div>\n\t\t<div class=\"elementor-element elementor-element-a59450f e-flex e-con-boxed e-con e-parent\" data-id=\"a59450f\" data-element_type=\"container\" data-e-type=\"container\">\n\t\t\t\t\t<div class=\"e-con-inner\">\n\t\t\t\t<div class=\"elementor-element elementor-element-8bea228 elementor-widget elementor-widget-text-editor\" data-id=\"8bea228\" data-element_type=\"widget\" data-e-type=\"widget\" data-widget_type=\"text-editor.default\">\n\t\t\t\t\t\t\t\t\t<p>Gemeinsam mit Einheiten von<br \/>Red-Knights (Feuerwehr-Angeh\u00f6rigen),<br \/>Blue-Knights (Polizei-Angeh\u00f6rigen),<br \/>Green-Knights (Milit\u00e4r-Angeh\u00f6rigen),<br \/>sowie den White-Knights<br \/>(medizinischen Mitarbeitern in GB)<br \/>geh\u00f6ren die Yellow Knights<br \/>zum Round Table\u00a0of\u00a0the\u00a0Knights<\/p>\t\t\t\t\t\t\t\t<\/div>\n\t\t\t\t\t<\/div>\n\t\t\t\t<\/div>\n\t\t<div class=\"elementor-element elementor-element-e0ee1fb e-flex e-con-boxed e-con e-parent\" data-id=\"e0ee1fb\" data-element_type=\"container\" data-e-type=\"container\">\n\t\t\t\t\t<div class=\"e-con-inner\">\n\t\t<div class=\"elementor-element elementor-element-fa83530 e-con-full e-flex e-con e-child\" data-id=\"fa83530\" data-element_type=\"container\" data-e-type=\"container\">\n\t\t\t\t<div class=\"elementor-element elementor-element-63761e3 elementor-widget elementor-widget-image\" data-id=\"63761e3\" data-element_type=\"widget\" data-e-type=\"widget\" data-widget_type=\"image.default\">\n\t\t\t\t\t\t\t\t\t\t\t\t\t\t\t<img decoding=\"async\" width=\"768\" height=\"1024\" src=\"http:\/\/yellow-knights-mc.de\/wp-content\/uploads\/2025\/10\/IMG_0096-768x1024.jpg\" class=\"attachment-large size-large wp-image-188\" alt=\"\" srcset=\"http:\/\/yellow-knights-mc.de\/wp-content\/uploads\/2025\/10\/IMG_0096-768x1024.jpg 768w, http:\/\/yellow-knights-mc.de\/wp-content\/uploads\/2025\/10\/IMG_0096-225x300.jpg 225w, http:\/\/yellow-knights-mc.de\/wp-content\/uploads\/2025\/10\/IMG_0096-1152x1536.jpg 1152w, http:\/\/yellow-knights-mc.de\/wp-content\/uploads\/2025\/10\/IMG_0096-1536x2048.jpg 1536w, http:\/\/yellow-knights-mc.de\/wp-content\/uploads\/2025\/10\/IMG_0096-scaled.jpg 1920w\" sizes=\"(max-width: 768px) 100vw, 768px\" \/>\t\t\t\t\t\t\t\t\t\t\t\t\t\t\t<\/div>\n\t\t\t\t<\/div>\n\t\t<div class=\"elementor-element elementor-element-2b22946 e-con-full e-flex e-con e-child\" data-id=\"2b22946\" data-element_type=\"container\" data-e-type=\"container\">\n\t\t\t\t<div class=\"elementor-element elementor-element-aaa3126 elementor-widget elementor-widget-image\" data-id=\"aaa3126\" data-element_type=\"widget\" data-e-type=\"widget\" data-widget_type=\"image.default\">\n\t\t\t\t\t\t\t\t\t\t\t\t\t\t\t<img decoding=\"async\" width=\"1024\" height=\"768\" src=\"http:\/\/yellow-knights-mc.de\/wp-content\/uploads\/2025\/10\/IMG_0076-1024x768.jpg\" class=\"attachment-large size-large wp-image-189\" alt=\"\" srcset=\"http:\/\/yellow-knights-mc.de\/wp-content\/uploads\/2025\/10\/IMG_0076-1024x768.jpg 1024w, http:\/\/yellow-knights-mc.de\/wp-content\/uploads\/2025\/10\/IMG_0076-300x225.jpg 300w, http:\/\/yellow-knights-mc.de\/wp-content\/uploads\/2025\/10\/IMG_0076-768x576.jpg 768w, http:\/\/yellow-knights-mc.de\/wp-content\/uploads\/2025\/10\/IMG_0076-1536x1152.jpg 1536w, http:\/\/yellow-knights-mc.de\/wp-content\/uploads\/2025\/10\/IMG_0076-2048x1536.jpg 2048w\" sizes=\"(max-width: 1024px) 100vw, 1024px\" \/>\t\t\t\t\t\t\t\t\t\t\t\t\t\t\t<\/div>\n\t\t\t\t<div class=\"elementor-element elementor-element-a6d0f25 elementor-widget elementor-widget-image\" data-id=\"a6d0f25\" data-element_type=\"widget\" data-e-type=\"widget\" data-widget_type=\"image.default\">\n\t\t\t\t\t\t\t\t\t\t\t\t\t\t\t<img loading=\"lazy\" decoding=\"async\" width=\"1024\" height=\"768\" src=\"http:\/\/yellow-knights-mc.de\/wp-content\/uploads\/2025\/10\/DYJJ7228-1024x768.jpg\" class=\"attachment-large size-large wp-image-190\" alt=\"\" srcset=\"http:\/\/yellow-knights-mc.de\/wp-content\/uploads\/2025\/10\/DYJJ7228-1024x768.jpg 1024w, http:\/\/yellow-knights-mc.de\/wp-content\/uploads\/2025\/10\/DYJJ7228-300x225.jpg 300w, http:\/\/yellow-knights-mc.de\/wp-content\/uploads\/2025\/10\/DYJJ7228-768x576.jpg 768w, http:\/\/yellow-knights-mc.de\/wp-content\/uploads\/2025\/10\/DYJJ7228-1536x1152.jpg 1536w, http:\/\/yellow-knights-mc.de\/wp-content\/uploads\/2025\/10\/DYJJ7228.jpg 2048w\" sizes=\"(max-width: 1024px) 100vw, 1024px\" \/>\t\t\t\t\t\t\t\t\t\t\t\t\t\t\t<\/div>\n\t\t\t\t<\/div>\n\t\t\t\t\t<\/div>\n\t\t\t\t<\/div>\n\t\t<div class=\"elementor-element elementor-element-ca9a5aa e-flex e-con-boxed e-con e-parent\" data-id=\"ca9a5aa\" data-element_type=\"container\" data-e-type=\"container\">\n\t\t\t\t\t<div class=\"e-con-inner\">\n\t\t\t\t<div class=\"elementor-element elementor-element-4af45ab elementor-widget elementor-widget-image\" data-id=\"4af45ab\" data-element_type=\"widget\" data-e-type=\"widget\" data-widget_type=\"image.default\">\n\t\t\t\t\t\t\t\t\t\t\t\t\t\t\t<img loading=\"lazy\" decoding=\"async\" width=\"1024\" height=\"768\" src=\"http:\/\/yellow-knights-mc.de\/wp-content\/uploads\/2025\/10\/WhatsApp-Bild-2025-10-07-um-16.29.15_16885f12-1024x768.jpg\" class=\"attachment-large size-large wp-image-194\" alt=\"\" srcset=\"http:\/\/yellow-knights-mc.de\/wp-content\/uploads\/2025\/10\/WhatsApp-Bild-2025-10-07-um-16.29.15_16885f12-1024x768.jpg 1024w, http:\/\/yellow-knights-mc.de\/wp-content\/uploads\/2025\/10\/WhatsApp-Bild-2025-10-07-um-16.29.15_16885f12-300x225.jpg 300w, http:\/\/yellow-knights-mc.de\/wp-content\/uploads\/2025\/10\/WhatsApp-Bild-2025-10-07-um-16.29.15_16885f12-768x576.jpg 768w, http:\/\/yellow-knights-mc.de\/wp-content\/uploads\/2025\/10\/WhatsApp-Bild-2025-10-07-um-16.29.15_16885f12.jpg 1440w\" sizes=\"(max-width: 1024px) 100vw, 1024px\" \/>\t\t\t\t\t\t\t\t\t\t\t\t\t\t\t<\/div>\n\t\t\t\t\t<\/div>\n\t\t\t\t<\/div>\n\t\t<div class=\"elementor-element elementor-element-70a2fd7 e-flex e-con-boxed e-con e-parent\" data-id=\"70a2fd7\" data-element_type=\"container\" data-e-type=\"container\">\n\t\t\t\t\t<div class=\"e-con-inner\">\n\t\t\t\t<div class=\"elementor-element elementor-element-a0eb18f elementor-widget elementor-widget-image\" data-id=\"a0eb18f\" data-element_type=\"widget\" data-e-type=\"widget\" data-widget_type=\"image.default\">\n\t\t\t\t\t\t\t\t\t\t\t\t\t\t\t<img loading=\"lazy\" decoding=\"async\" width=\"1024\" height=\"768\" src=\"http:\/\/yellow-knights-mc.de\/wp-content\/uploads\/2025\/10\/WhatsApp-Bild-2025-10-07-um-16.29.15_aa71f831-1024x768.jpg\" class=\"attachment-large size-large wp-image-195\" alt=\"\" srcset=\"http:\/\/yellow-knights-mc.de\/wp-content\/uploads\/2025\/10\/WhatsApp-Bild-2025-10-07-um-16.29.15_aa71f831-1024x768.jpg 1024w, http:\/\/yellow-knights-mc.de\/wp-content\/uploads\/2025\/10\/WhatsApp-Bild-2025-10-07-um-16.29.15_aa71f831-300x225.jpg 300w, http:\/\/yellow-knights-mc.de\/wp-content\/uploads\/2025\/10\/WhatsApp-Bild-2025-10-07-um-16.29.15_aa71f831-768x576.jpg 768w, http:\/\/yellow-knights-mc.de\/wp-content\/uploads\/2025\/10\/WhatsApp-Bild-2025-10-07-um-16.29.15_aa71f831-1536x1152.jpg 1536w, http:\/\/yellow-knights-mc.de\/wp-content\/uploads\/2025\/10\/WhatsApp-Bild-2025-10-07-um-16.29.15_aa71f831.jpg 1600w\" sizes=\"(max-width: 1024px) 100vw, 1024px\" \/>\t\t\t\t\t\t\t\t\t\t\t\t\t\t\t<\/div>\n\t\t\t\t\t<\/div>\n\t\t\t\t<\/div>\n\t\t\t\t<\/div>\n\t\t","protected":false},"excerpt":{"rendered":"<p>Gemeinsam mit Einheiten vonRed-Knights (Feuerwehr-Angeh\u00f6rigen),Blue-Knights (Polizei-Angeh\u00f6rigen),Green-Knights (Milit\u00e4r-Angeh\u00f6rigen),sowie den White-Knights(medizinischen Mitarbeitern in GB)geh\u00f6ren die Yellow Knightszum Round Table\u00a0of\u00a0the\u00a0Knights<\/p>\n","protected":false},"author":1,"featured_media":0,"parent":9,"menu_order":2,"comment_status":"closed","ping_status":"closed","template":"","meta":{"site-sidebar-layout":"no-sidebar","site-content-layout":"","ast-site-content-layout":"full-width-container","site-content-style":"default","site-sidebar-style":"default","ast-global-header-display":"","ast-banner-title-visibility":"","ast-main-header-display":"","ast-hfb-above-header-display":"","ast-hfb-below-header-display":"","ast-hfb-mobile-header-display":"","site-post-title":"disabled","ast-breadcrumbs-content":"","ast-featured-img":"disabled","footer-sml-layout":"","ast-disable-related-posts":"","theme-transparent-header-meta":"","adv-header-id-meta":"","stick-header-meta":"","header-above-stick-meta":"","header-main-stick-meta":"","header-below-stick-meta":"","astra-migrate-meta-layouts":"default","ast-page-background-enabled":"default","ast-page-background-meta":{"desktop":{"background-color":"var(--ast-global-color-5)","background-image":"","background-repeat":"repeat","background-position":"center center","background-size":"auto","background-attachment":"scroll","background-type":"","background-media":"","overlay-type":"","overlay-color":"","overlay-opacity":"","overlay-gradient":""},"tablet":{"background-color":"","background-image":"","background-repeat":"repeat","background-position":"center center","background-size":"auto","background-attachment":"scroll","background-type":"","background-media":"","overlay-type":"","overlay-color":"","overlay-opacity":"","overlay-gradient":""},"mobile":{"background-color":"","background-image":"","background-repeat":"repeat","background-position":"center center","background-size":"auto","background-attachment":"scroll","background-type":"","background-media":"","overlay-type":"","overlay-color":"","overlay-opacity":"","overlay-gradient":""}},"ast-content-background-meta":{"desktop":{"background-color":"var(--ast-global-color-4)","background-image":"","background-repeat":"repeat","background-position":"center center","background-size":"auto","background-attachment":"scroll","background-type":"","background-media":"","overlay-type":"","overlay-color":"","overlay-opacity":"","overlay-gradient":""},"tablet":{"background-color":"var(--ast-global-color-4)","background-image":"","background-repeat":"repeat","background-position":"center center","background-size":"auto","background-attachment":"scroll","background-type":"","background-media":"","overlay-type":"","overlay-color":"","overlay-opacity":"","overlay-gradient":""},"mobile":{"background-color":"var(--ast-global-color-4)","background-image":"","background-repeat":"repeat","background-position":"center center","background-size":"auto","background-attachment":"scroll","background-type":"","background-media":"","overlay-type":"","overlay-color":"","overlay-opacity":"","overlay-gradient":""}},"footnotes":""},"class_list":["post-186","page","type-page","status-publish","hentry"],"jetpack_sharing_enabled":true,"_links":{"self":[{"href":"http:\/\/yellow-knights-mc.de\/index.php?rest_route=\/wp\/v2\/pages\/186","targetHints":{"allow":["GET"]}}],"collection":[{"href":"http:\/\/yellow-knights-mc.de\/index.php?rest_route=\/wp\/v2\/pages"}],"about":[{"href":"http:\/\/yellow-knights-mc.de\/index.php?rest_route=\/wp\/v2\/types\/page"}],"author":[{"embeddable":true,"href":"http:\/\/yellow-knights-mc.de\/index.php?rest_route=\/wp\/v2\/users\/1"}],"replies":[{"embeddable":true,"href":"http:\/\/yellow-knights-mc.de\/index.php?rest_route=%2Fwp%2Fv2%2Fcomments&post=186"}],"version-history":[{"count":10,"href":"http:\/\/yellow-knights-mc.de\/index.php?rest_route=\/wp\/v2\/pages\/186\/revisions"}],"predecessor-version":[{"id":393,"href":"http:\/\/yellow-knights-mc.de\/index.php?rest_route=\/wp\/v2\/pages\/186\/revisions\/393"}],"up":[{"embeddable":true,"href":"http:\/\/yellow-knights-mc.de\/index.php?rest_route=\/wp\/v2\/pages\/9"}],"wp:attachment":[{"href":"http:\/\/yellow-knights-mc.de\/index.php?rest_route=%2Fwp%2Fv2%2Fmedia&parent=186"}],"curies":[{"name":"wp","href":"https:\/\/api.w.org\/{rel}","templated":true}]}}