{"id":108,"date":"2025-10-07T15:02:12","date_gmt":"2025-10-07T13:02:12","guid":{"rendered":"http:\/\/yellow-knights-mc.de\/?page_id=108"},"modified":"2025-10-07T15:47:25","modified_gmt":"2025-10-07T13:47:25","slug":"chapter-i","status":"publish","type":"page","link":"https:\/\/yellow-knights-mc.de\/?page_id=108","title":{"rendered":"Chapter I"},"content":{"rendered":"\t\t<div data-elementor-type=\"wp-page\" data-elementor-id=\"108\" class=\"elementor elementor-108\">\n\t\t\t\t<div class=\"elementor-element elementor-element-21c0976 e-flex e-con-boxed e-con e-parent\" data-id=\"21c0976\" data-element_type=\"container\" data-e-type=\"container\">\n\t\t\t\t\t<div class=\"e-con-inner\">\n\t\t<div class=\"elementor-element elementor-element-9260a7b e-con-full e-flex e-con e-child\" data-id=\"9260a7b\" data-element_type=\"container\" data-e-type=\"container\">\n\t\t\t\t<div class=\"elementor-element elementor-element-c798bae elementor-widget elementor-widget-image\" data-id=\"c798bae\" data-element_type=\"widget\" data-e-type=\"widget\" data-widget_type=\"image.default\">\n\t\t\t\t\t\t\t\t\t\t\t\t\t\t\t<img fetchpriority=\"high\" decoding=\"async\" width=\"1024\" height=\"1024\" src=\"https:\/\/yellow-knights-mc.de\/wp-content\/uploads\/2025\/10\/Yellow-Knights-3-1024x1024.png\" class=\"attachment-large size-large wp-image-99\" alt=\"\" srcset=\"https:\/\/yellow-knights-mc.de\/wp-content\/uploads\/2025\/10\/Yellow-Knights-3-1024x1024.png 1024w, https:\/\/yellow-knights-mc.de\/wp-content\/uploads\/2025\/10\/Yellow-Knights-3-300x300.png 300w, https:\/\/yellow-knights-mc.de\/wp-content\/uploads\/2025\/10\/Yellow-Knights-3-150x150.png 150w, https:\/\/yellow-knights-mc.de\/wp-content\/uploads\/2025\/10\/Yellow-Knights-3-768x768.png 768w, https:\/\/yellow-knights-mc.de\/wp-content\/uploads\/2025\/10\/Yellow-Knights-3-1536x1536.png 1536w, https:\/\/yellow-knights-mc.de\/wp-content\/uploads\/2025\/10\/Yellow-Knights-3.png 1563w\" sizes=\"(max-width: 1024px) 100vw, 1024px\" \/>\t\t\t\t\t\t\t\t\t\t\t\t\t\t\t<\/div>\n\t\t\t\t<\/div>\n\t\t<div class=\"elementor-element elementor-element-b69963c e-con-full e-flex e-con e-child\" data-id=\"b69963c\" data-element_type=\"container\" data-e-type=\"container\">\n\t\t\t\t<div class=\"elementor-element elementor-element-39972a9 elementor-widget elementor-widget-heading\" data-id=\"39972a9\" data-element_type=\"widget\" data-e-type=\"widget\" data-widget_type=\"heading.default\">\n\t\t\t\t\t<h2 class=\"elementor-heading-title elementor-size-default\">Chapter I<\/h2>\t\t\t\t<\/div>\n\t\t\t\t<div class=\"elementor-element elementor-element-3b7a436 elementor-widget elementor-widget-text-editor\" data-id=\"3b7a436\" data-element_type=\"widget\" data-e-type=\"widget\" data-widget_type=\"text-editor.default\">\n\t\t\t\t\t\t\t\t\t<p><strong>Das Gr\u00fcndungschapter\u00a0<\/strong><\/p><p>Das Chapter I ist das Chapter, worin alle Mitglieder ihre Heimat finden, die keinem regionalem Chapter zugeordnet werden.<br \/>Die Mitglieder der Yellow-Knights sind in ganz Deutschland verteilt und mittlerweile entstehen mehrere regionale Chapter die sich selbst organisieren und ihre eigenen F\u00fchrungsriege haben.\u00a0<\/p><p>Das Chapter I ist das\u00a0<strong>Gr\u00fcndungschapter<\/strong>, dass die Eintragung ins Vereinsregister Berlin veranlasst hat.\u00a0<br \/>Die Mitglieder vom Chapter I unterst\u00fctzten die regionalen Chapter bei Veranstaltungen und Treffen durch ihre Teilnahme.<\/p><p>Ein Gro\u00dfteil der Mitglieder im Chapter I sind Notfallsanit\u00e4ter und Sanit\u00e4ter, arbeiten im Rettungsdienst und sind in verschiedenen Hilfsorganisationen, auch ehrenamtlich t\u00e4tig.<\/p><p>Der respektvolle Umgang miteinander sowie die gegenseitige Achtung und Wertsch\u00e4tzung entsprechen unserem Leitbild.<\/p>\t\t\t\t\t\t\t\t<\/div>\n\t\t\t\t<\/div>\n\t\t\t\t\t<\/div>\n\t\t\t\t<\/div>\n\t\t<div class=\"elementor-element elementor-element-c585b61 e-flex e-con-boxed e-con e-parent\" data-id=\"c585b61\" data-element_type=\"container\" data-e-type=\"container\">\n\t\t\t\t\t<div class=\"e-con-inner\">\n\t\t\t\t<div class=\"elementor-element elementor-element-3597863 elementor-widget__width-initial elementor-widget elementor-widget-image\" data-id=\"3597863\" data-element_type=\"widget\" data-e-type=\"widget\" data-widget_type=\"image.default\">\n\t\t\t\t\t\t\t\t\t\t\t\t\t\t\t<img decoding=\"async\" width=\"1024\" height=\"768\" src=\"https:\/\/yellow-knights-mc.de\/wp-content\/uploads\/2025\/10\/WhatsApp-Bild-2025-05-24-um-16.13.49_9ac17047-1024x768.jpg\" class=\"attachment-large size-large wp-image-119\" alt=\"\" srcset=\"https:\/\/yellow-knights-mc.de\/wp-content\/uploads\/2025\/10\/WhatsApp-Bild-2025-05-24-um-16.13.49_9ac17047-1024x768.jpg 1024w, https:\/\/yellow-knights-mc.de\/wp-content\/uploads\/2025\/10\/WhatsApp-Bild-2025-05-24-um-16.13.49_9ac17047-300x225.jpg 300w, https:\/\/yellow-knights-mc.de\/wp-content\/uploads\/2025\/10\/WhatsApp-Bild-2025-05-24-um-16.13.49_9ac17047-768x576.jpg 768w, https:\/\/yellow-knights-mc.de\/wp-content\/uploads\/2025\/10\/WhatsApp-Bild-2025-05-24-um-16.13.49_9ac17047-1536x1152.jpg 1536w, https:\/\/yellow-knights-mc.de\/wp-content\/uploads\/2025\/10\/WhatsApp-Bild-2025-05-24-um-16.13.49_9ac17047-2048x1536.jpg 2048w\" sizes=\"(max-width: 1024px) 100vw, 1024px\" \/>\t\t\t\t\t\t\t\t\t\t\t\t\t\t\t<\/div>\n\t\t\t\t\t<\/div>\n\t\t\t\t<\/div>\n\t\t<div class=\"elementor-element elementor-element-b3a1a41 e-flex e-con-boxed e-con e-parent\" data-id=\"b3a1a41\" data-element_type=\"container\" data-e-type=\"container\">\n\t\t\t\t\t<div class=\"e-con-inner\">\n\t\t<div class=\"elementor-element elementor-element-cf8700f e-con-full e-flex e-con e-child\" data-id=\"cf8700f\" data-element_type=\"container\" data-e-type=\"container\">\n\t\t\t\t<div class=\"elementor-element elementor-element-68ba4fc elementor-widget elementor-widget-image\" data-id=\"68ba4fc\" data-element_type=\"widget\" data-e-type=\"widget\" data-widget_type=\"image.default\">\n\t\t\t\t\t\t\t\t\t\t\t\t\t\t\t<img decoding=\"async\" width=\"1024\" height=\"768\" src=\"https:\/\/yellow-knights-mc.de\/wp-content\/uploads\/2025\/10\/WhatsApp-Bild-2025-10-07-um-15.11.27_741c4b73.jpg\" class=\"attachment-large size-large wp-image-121\" alt=\"\" srcset=\"https:\/\/yellow-knights-mc.de\/wp-content\/uploads\/2025\/10\/WhatsApp-Bild-2025-10-07-um-15.11.27_741c4b73.jpg 1024w, https:\/\/yellow-knights-mc.de\/wp-content\/uploads\/2025\/10\/WhatsApp-Bild-2025-10-07-um-15.11.27_741c4b73-300x225.jpg 300w, https:\/\/yellow-knights-mc.de\/wp-content\/uploads\/2025\/10\/WhatsApp-Bild-2025-10-07-um-15.11.27_741c4b73-768x576.jpg 768w\" sizes=\"(max-width: 1024px) 100vw, 1024px\" \/>\t\t\t\t\t\t\t\t\t\t\t\t\t\t\t<\/div>\n\t\t\t\t<\/div>\n\t\t<div class=\"elementor-element elementor-element-99e4d1c e-con-full e-flex e-con e-child\" data-id=\"99e4d1c\" data-element_type=\"container\" data-e-type=\"container\">\n\t\t\t\t<div class=\"elementor-element elementor-element-a620e91 elementor-widget elementor-widget-image\" data-id=\"a620e91\" data-element_type=\"widget\" data-e-type=\"widget\" data-widget_type=\"image.default\">\n\t\t\t\t\t\t\t\t\t\t\t\t\t\t\t<img loading=\"lazy\" decoding=\"async\" width=\"1024\" height=\"778\" src=\"https:\/\/yellow-knights-mc.de\/wp-content\/uploads\/2025\/10\/WhatsApp-Bild-2025-03-07-um-16.37.04_3c2b88c7-1024x778.jpg\" class=\"attachment-large size-large wp-image-120\" alt=\"\" srcset=\"https:\/\/yellow-knights-mc.de\/wp-content\/uploads\/2025\/10\/WhatsApp-Bild-2025-03-07-um-16.37.04_3c2b88c7-1024x778.jpg 1024w, https:\/\/yellow-knights-mc.de\/wp-content\/uploads\/2025\/10\/WhatsApp-Bild-2025-03-07-um-16.37.04_3c2b88c7-300x228.jpg 300w, https:\/\/yellow-knights-mc.de\/wp-content\/uploads\/2025\/10\/WhatsApp-Bild-2025-03-07-um-16.37.04_3c2b88c7-768x584.jpg 768w, https:\/\/yellow-knights-mc.de\/wp-content\/uploads\/2025\/10\/WhatsApp-Bild-2025-03-07-um-16.37.04_3c2b88c7-1536x1167.jpg 1536w, https:\/\/yellow-knights-mc.de\/wp-content\/uploads\/2025\/10\/WhatsApp-Bild-2025-03-07-um-16.37.04_3c2b88c7.jpg 1546w\" sizes=\"(max-width: 1024px) 100vw, 1024px\" \/>\t\t\t\t\t\t\t\t\t\t\t\t\t\t\t<\/div>\n\t\t\t\t<\/div>\n\t\t\t\t\t<\/div>\n\t\t\t\t<\/div>\n\t\t<div class=\"elementor-element elementor-element-629228a e-flex e-con-boxed e-con e-parent\" data-id=\"629228a\" data-element_type=\"container\" data-e-type=\"container\">\n\t\t\t\t\t<div class=\"e-con-inner\">\n\t\t<div class=\"elementor-element elementor-element-31c2d68 e-con-full e-flex e-con e-child\" data-id=\"31c2d68\" data-element_type=\"container\" data-e-type=\"container\">\n\t\t\t\t<div class=\"elementor-element elementor-element-00a0097 elementor-widget elementor-widget-image\" data-id=\"00a0097\" data-element_type=\"widget\" data-e-type=\"widget\" data-widget_type=\"image.default\">\n\t\t\t\t\t\t\t\t\t\t\t\t\t\t\t<img loading=\"lazy\" decoding=\"async\" width=\"1024\" height=\"768\" src=\"https:\/\/yellow-knights-mc.de\/wp-content\/uploads\/2025\/10\/WhatsApp-Bild-2025-10-07-um-15.12.28_1b38810a-1024x768.jpg\" class=\"attachment-large size-large wp-image-123\" alt=\"\" srcset=\"https:\/\/yellow-knights-mc.de\/wp-content\/uploads\/2025\/10\/WhatsApp-Bild-2025-10-07-um-15.12.28_1b38810a-1024x768.jpg 1024w, https:\/\/yellow-knights-mc.de\/wp-content\/uploads\/2025\/10\/WhatsApp-Bild-2025-10-07-um-15.12.28_1b38810a-300x225.jpg 300w, https:\/\/yellow-knights-mc.de\/wp-content\/uploads\/2025\/10\/WhatsApp-Bild-2025-10-07-um-15.12.28_1b38810a-768x576.jpg 768w, https:\/\/yellow-knights-mc.de\/wp-content\/uploads\/2025\/10\/WhatsApp-Bild-2025-10-07-um-15.12.28_1b38810a-1536x1152.jpg 1536w, https:\/\/yellow-knights-mc.de\/wp-content\/uploads\/2025\/10\/WhatsApp-Bild-2025-10-07-um-15.12.28_1b38810a.jpg 1600w\" sizes=\"(max-width: 1024px) 100vw, 1024px\" \/>\t\t\t\t\t\t\t\t\t\t\t\t\t\t\t<\/div>\n\t\t\t\t<\/div>\n\t\t<div class=\"elementor-element elementor-element-9ef0f39 e-con-full e-flex e-con e-child\" data-id=\"9ef0f39\" data-element_type=\"container\" data-e-type=\"container\">\n\t\t\t\t<div class=\"elementor-element elementor-element-36fa287 elementor-widget elementor-widget-image\" data-id=\"36fa287\" data-element_type=\"widget\" data-e-type=\"widget\" data-widget_type=\"image.default\">\n\t\t\t\t\t\t\t\t\t\t\t\t\t\t\t<img loading=\"lazy\" decoding=\"async\" width=\"1024\" height=\"768\" src=\"https:\/\/yellow-knights-mc.de\/wp-content\/uploads\/2025\/10\/WhatsApp-Bild-2025-10-07-um-15.14.23_5d842254.jpg\" class=\"attachment-large size-large wp-image-122\" alt=\"\" srcset=\"https:\/\/yellow-knights-mc.de\/wp-content\/uploads\/2025\/10\/WhatsApp-Bild-2025-10-07-um-15.14.23_5d842254.jpg 1024w, https:\/\/yellow-knights-mc.de\/wp-content\/uploads\/2025\/10\/WhatsApp-Bild-2025-10-07-um-15.14.23_5d842254-300x225.jpg 300w, https:\/\/yellow-knights-mc.de\/wp-content\/uploads\/2025\/10\/WhatsApp-Bild-2025-10-07-um-15.14.23_5d842254-768x576.jpg 768w\" sizes=\"(max-width: 1024px) 100vw, 1024px\" \/>\t\t\t\t\t\t\t\t\t\t\t\t\t\t\t<\/div>\n\t\t\t\t<\/div>\n\t\t\t\t\t<\/div>\n\t\t\t\t<\/div>\n\t\t\t\t<\/div>\n\t\t","protected":false},"excerpt":{"rendered":"<p>Chapter I Das Gr\u00fcndungschapter\u00a0 Das Chapter I ist das Chapter, worin alle Mitglieder ihre Heimat finden, die keinem regionalem Chapter [&hellip;]<\/p>\n","protected":false},"author":1,"featured_media":0,"parent":11,"menu_order":1,"comment_status":"closed","ping_status":"closed","template":"","meta":{"site-sidebar-layout":"no-sidebar","site-content-layout":"","ast-site-content-layout":"full-width-container","site-content-style":"default","site-sidebar-style":"default","ast-global-header-display":"","ast-banner-title-visibility":"","ast-main-header-display":"","ast-hfb-above-header-display":"","ast-hfb-below-header-display":"","ast-hfb-mobile-header-display":"","site-post-title":"disabled","ast-breadcrumbs-content":"","ast-featured-img":"disabled","footer-sml-layout":"","ast-disable-related-posts":"","theme-transparent-header-meta":"","adv-header-id-meta":"","stick-header-meta":"","header-above-stick-meta":"","header-main-stick-meta":"","header-below-stick-meta":"","astra-migrate-meta-layouts":"default","ast-page-background-enabled":"default","ast-page-background-meta":{"desktop":{"background-color":"var(--ast-global-color-5)","background-image":"","background-repeat":"repeat","background-position":"center center","background-size":"auto","background-attachment":"scroll","background-type":"","background-media":"","overlay-type":"","overlay-color":"","overlay-opacity":"","overlay-gradient":""},"tablet":{"background-color":"","background-image":"","background-repeat":"repeat","background-position":"center center","background-size":"auto","background-attachment":"scroll","background-type":"","background-media":"","overlay-type":"","overlay-color":"","overlay-opacity":"","overlay-gradient":""},"mobile":{"background-color":"","background-image":"","background-repeat":"repeat","background-position":"center center","background-size":"auto","background-attachment":"scroll","background-type":"","background-media":"","overlay-type":"","overlay-color":"","overlay-opacity":"","overlay-gradient":""}},"ast-content-background-meta":{"desktop":{"background-color":"var(--ast-global-color-4)","background-image":"","background-repeat":"repeat","background-position":"center center","background-size":"auto","background-attachment":"scroll","background-type":"","background-media":"","overlay-type":"","overlay-color":"","overlay-opacity":"","overlay-gradient":""},"tablet":{"background-color":"var(--ast-global-color-4)","background-image":"","background-repeat":"repeat","background-position":"center center","background-size":"auto","background-attachment":"scroll","background-type":"","background-media":"","overlay-type":"","overlay-color":"","overlay-opacity":"","overlay-gradient":""},"mobile":{"background-color":"var(--ast-global-color-4)","background-image":"","background-repeat":"repeat","background-position":"center center","background-size":"auto","background-attachment":"scroll","background-type":"","background-media":"","overlay-type":"","overlay-color":"","overlay-opacity":"","overlay-gradient":""}},"footnotes":""},"class_list":["post-108","page","type-page","status-publish","hentry"],"jetpack_sharing_enabled":true,"_links":{"self":[{"href":"https:\/\/yellow-knights-mc.de\/index.php?rest_route=\/wp\/v2\/pages\/108","targetHints":{"allow":["GET"]}}],"collection":[{"href":"https:\/\/yellow-knights-mc.de\/index.php?rest_route=\/wp\/v2\/pages"}],"about":[{"href":"https:\/\/yellow-knights-mc.de\/index.php?rest_route=\/wp\/v2\/types\/page"}],"author":[{"embeddable":true,"href":"https:\/\/yellow-knights-mc.de\/index.php?rest_route=\/wp\/v2\/users\/1"}],"replies":[{"embeddable":true,"href":"https:\/\/yellow-knights-mc.de\/index.php?rest_route=%2Fwp%2Fv2%2Fcomments&post=108"}],"version-history":[{"count":7,"href":"https:\/\/yellow-knights-mc.de\/index.php?rest_route=\/wp\/v2\/pages\/108\/revisions"}],"predecessor-version":[{"id":129,"href":"https:\/\/yellow-knights-mc.de\/index.php?rest_route=\/wp\/v2\/pages\/108\/revisions\/129"}],"up":[{"embeddable":true,"href":"https:\/\/yellow-knights-mc.de\/index.php?rest_route=\/wp\/v2\/pages\/11"}],"wp:attachment":[{"href":"https:\/\/yellow-knights-mc.de\/index.php?rest_route=%2Fwp%2Fv2%2Fmedia&parent=108"}],"curies":[{"name":"wp","href":"https:\/\/api.w.org\/{rel}","templated":true}]}}