{"id":112,"date":"2025-10-07T15:02:29","date_gmt":"2025-10-07T13:02:29","guid":{"rendered":"http:\/\/yellow-knights-mc.de\/?page_id=112"},"modified":"2025-11-11T10:39:28","modified_gmt":"2025-11-11T09:39:28","slug":"chapter-iii","status":"publish","type":"page","link":"https:\/\/yellow-knights-mc.de\/?page_id=112","title":{"rendered":"Chapter III"},"content":{"rendered":"\t\t<div data-elementor-type=\"wp-page\" data-elementor-id=\"112\" class=\"elementor elementor-112\">\n\t\t\t\t<div class=\"elementor-element elementor-element-825d5d6 e-flex e-con-boxed e-con e-parent\" data-id=\"825d5d6\" data-element_type=\"container\" data-e-type=\"container\">\n\t\t\t\t\t<div class=\"e-con-inner\">\n\t\t<div class=\"elementor-element elementor-element-b6c2649 e-con-full e-flex e-con e-child\" data-id=\"b6c2649\" data-element_type=\"container\" data-e-type=\"container\">\n\t\t\t\t<div class=\"elementor-element elementor-element-01654e6 elementor-widget elementor-widget-image\" data-id=\"01654e6\" data-element_type=\"widget\" data-e-type=\"widget\" data-widget_type=\"image.default\">\n\t\t\t\t\t\t\t\t\t\t\t\t\t\t\t<img fetchpriority=\"high\" decoding=\"async\" width=\"620\" height=\"874\" src=\"https:\/\/yellow-knights-mc.de\/wp-content\/uploads\/2025\/10\/Spiele-Abend-5.png\" class=\"attachment-large size-large wp-image-101\" alt=\"\" srcset=\"https:\/\/yellow-knights-mc.de\/wp-content\/uploads\/2025\/10\/Spiele-Abend-5.png 620w, https:\/\/yellow-knights-mc.de\/wp-content\/uploads\/2025\/10\/Spiele-Abend-5-213x300.png 213w\" sizes=\"(max-width: 620px) 100vw, 620px\" \/>\t\t\t\t\t\t\t\t\t\t\t\t\t\t\t<\/div>\n\t\t\t\t<\/div>\n\t\t<div class=\"elementor-element elementor-element-5e9709d e-con-full e-flex e-con e-child\" data-id=\"5e9709d\" data-element_type=\"container\" data-e-type=\"container\">\n\t\t\t\t<div class=\"elementor-element elementor-element-89bdc9a elementor-widget elementor-widget-heading\" data-id=\"89bdc9a\" data-element_type=\"widget\" data-e-type=\"widget\" data-widget_type=\"heading.default\">\n\t\t\t\t\t<h2 class=\"elementor-heading-title elementor-size-default\">Chapter III<\/h2>\t\t\t\t<\/div>\n\t\t\t\t<div class=\"elementor-element elementor-element-14f4798 elementor-widget elementor-widget-text-editor\" data-id=\"14f4798\" data-element_type=\"widget\" data-e-type=\"widget\" data-widget_type=\"text-editor.default\">\n\t\t\t\t\t\t\t\t\t<p class=\"cvGsUA direction-ltr align-center para-style-body\"><span class=\"a_GcMg font-feature-liga-off font-feature-clig-off font-feature-calt-off text-decoration-none text-strikethrough-none\">Chapter III Donau S\u00fcd, wie der Name schon sagt, befinden wir uns im S\u00fcden von Baden-W\u00fcrttemberg. Hier pflegen wir enge Freundschaften zu den Red Knights Germany 1, Uncommon Ghosts MC und<\/span><\/p><p class=\"cvGsUA direction-ltr align-center para-style-body\"><span class=\"a_GcMg font-feature-liga-off font-feature-clig-off font-feature-calt-off text-decoration-none text-strikethrough-none\">Stones Eastcrew MC. Bei den beiden letztgenannten sind wir regelm\u00e4\u00dfig zu Gast bei diversen Veranstaltungen, mit den Red Knights Germany 1 machen wir das Saisonopening bzw. -ending, seit 2025 einen gemeinsamen Stand auf der Messe Motorradwelt Bodensee und ein gemeinsames Sommerfest, dessen Erl\u00f6s wir an die Angelo Stiftung und das Kinder- und Jugendhospiz Sigmaringen spenden.<\/span><\/p><p class=\"cvGsUA direction-ltr align-center para-style-body\"><span class=\"a_GcMg font-feature-liga-off font-feature-clig-off font-feature-calt-off text-decoration-none text-strikethrough-none\">Unser Chapter wurde im Juli 24 im Rahmen der JHV und anschlie\u00dfend einem sch\u00f6nen Fest gegr\u00fcndet (auch hier mit Unterst\u00fctzung der Red Knights Germany 1 und Uncommon Ghosts MC).<\/span><\/p><p class=\"cvGsUA direction-ltr align-center para-style-body\"><span class=\"a_GcMg font-feature-liga-off font-feature-clig-off font-feature-calt-off text-decoration-none text-strikethrough-none\">Wir versuchen uns 1x monatlich zu einem Stammtisch zu treffen.<\/span><\/p>\t\t\t\t\t\t\t\t<\/div>\n\t\t\t\t<\/div>\n\t\t\t\t\t<\/div>\n\t\t\t\t<\/div>\n\t\t<div class=\"elementor-element elementor-element-c6a4e0b e-flex e-con-boxed e-con e-parent\" data-id=\"c6a4e0b\" data-element_type=\"container\" data-e-type=\"container\">\n\t\t\t\t\t<div class=\"e-con-inner\">\n\t\t\t\t<div class=\"elementor-element elementor-element-92ed794 elementor-widget__width-initial elementor-widget elementor-widget-image\" data-id=\"92ed794\" data-element_type=\"widget\" data-e-type=\"widget\" data-widget_type=\"image.default\">\n\t\t\t\t\t\t\t\t\t\t\t\t\t\t\t<img decoding=\"async\" width=\"1024\" height=\"768\" src=\"https:\/\/yellow-knights-mc.de\/wp-content\/uploads\/2025\/10\/WhatsApp-Bild-2025-10-07-um-15.37.49_612ed53f-1024x768.jpg\" class=\"attachment-large size-large wp-image-151\" alt=\"\" srcset=\"https:\/\/yellow-knights-mc.de\/wp-content\/uploads\/2025\/10\/WhatsApp-Bild-2025-10-07-um-15.37.49_612ed53f-1024x768.jpg 1024w, https:\/\/yellow-knights-mc.de\/wp-content\/uploads\/2025\/10\/WhatsApp-Bild-2025-10-07-um-15.37.49_612ed53f-300x225.jpg 300w, https:\/\/yellow-knights-mc.de\/wp-content\/uploads\/2025\/10\/WhatsApp-Bild-2025-10-07-um-15.37.49_612ed53f-768x576.jpg 768w, https:\/\/yellow-knights-mc.de\/wp-content\/uploads\/2025\/10\/WhatsApp-Bild-2025-10-07-um-15.37.49_612ed53f-1536x1152.jpg 1536w, https:\/\/yellow-knights-mc.de\/wp-content\/uploads\/2025\/10\/WhatsApp-Bild-2025-10-07-um-15.37.49_612ed53f.jpg 1600w\" sizes=\"(max-width: 1024px) 100vw, 1024px\" \/>\t\t\t\t\t\t\t\t\t\t\t\t\t\t\t<\/div>\n\t\t\t\t\t<\/div>\n\t\t\t\t<\/div>\n\t\t<div class=\"elementor-element elementor-element-4fd75ae e-flex e-con-boxed e-con e-parent\" data-id=\"4fd75ae\" data-element_type=\"container\" data-e-type=\"container\">\n\t\t\t\t\t<div class=\"e-con-inner\">\n\t\t<div class=\"elementor-element elementor-element-9ec2e71 e-con-full e-flex e-con e-child\" data-id=\"9ec2e71\" data-element_type=\"container\" data-e-type=\"container\">\n\t\t\t\t<div class=\"elementor-element elementor-element-f84545a elementor-widget elementor-widget-image\" data-id=\"f84545a\" data-element_type=\"widget\" data-e-type=\"widget\" data-widget_type=\"image.default\">\n\t\t\t\t\t\t\t\t\t\t\t\t\t\t\t<img decoding=\"async\" width=\"1024\" height=\"768\" src=\"https:\/\/yellow-knights-mc.de\/wp-content\/uploads\/2025\/10\/WhatsApp-Bild-2025-08-22-um-23.06.04_82f67b00-1024x768.jpg\" class=\"attachment-large size-large wp-image-137\" alt=\"\" srcset=\"https:\/\/yellow-knights-mc.de\/wp-content\/uploads\/2025\/10\/WhatsApp-Bild-2025-08-22-um-23.06.04_82f67b00-1024x768.jpg 1024w, https:\/\/yellow-knights-mc.de\/wp-content\/uploads\/2025\/10\/WhatsApp-Bild-2025-08-22-um-23.06.04_82f67b00-300x225.jpg 300w, https:\/\/yellow-knights-mc.de\/wp-content\/uploads\/2025\/10\/WhatsApp-Bild-2025-08-22-um-23.06.04_82f67b00-768x576.jpg 768w, https:\/\/yellow-knights-mc.de\/wp-content\/uploads\/2025\/10\/WhatsApp-Bild-2025-08-22-um-23.06.04_82f67b00-1536x1152.jpg 1536w, https:\/\/yellow-knights-mc.de\/wp-content\/uploads\/2025\/10\/WhatsApp-Bild-2025-08-22-um-23.06.04_82f67b00-2048x1536.jpg 2048w\" sizes=\"(max-width: 1024px) 100vw, 1024px\" \/>\t\t\t\t\t\t\t\t\t\t\t\t\t\t\t<\/div>\n\t\t\t\t<\/div>\n\t\t<div class=\"elementor-element elementor-element-18f5379 e-con-full e-flex e-con e-child\" data-id=\"18f5379\" data-element_type=\"container\" data-e-type=\"container\">\n\t\t\t\t<div class=\"elementor-element elementor-element-f732876 elementor-widget elementor-widget-image\" data-id=\"f732876\" data-element_type=\"widget\" data-e-type=\"widget\" data-widget_type=\"image.default\">\n\t\t\t\t\t\t\t\t\t\t\t\t\t\t\t<img loading=\"lazy\" decoding=\"async\" width=\"605\" height=\"459\" src=\"https:\/\/yellow-knights-mc.de\/wp-content\/uploads\/2025\/11\/WhatsApp-Bild-2025-11-11-um-10.36.01_400af8ca.jpg\" class=\"attachment-large size-large wp-image-490\" alt=\"\" srcset=\"https:\/\/yellow-knights-mc.de\/wp-content\/uploads\/2025\/11\/WhatsApp-Bild-2025-11-11-um-10.36.01_400af8ca.jpg 605w, https:\/\/yellow-knights-mc.de\/wp-content\/uploads\/2025\/11\/WhatsApp-Bild-2025-11-11-um-10.36.01_400af8ca-300x228.jpg 300w\" sizes=\"(max-width: 605px) 100vw, 605px\" \/>\t\t\t\t\t\t\t\t\t\t\t\t\t\t\t<\/div>\n\t\t\t\t<\/div>\n\t\t\t\t\t<\/div>\n\t\t\t\t<\/div>\n\t\t<div class=\"elementor-element elementor-element-2e890df e-flex e-con-boxed e-con e-parent\" data-id=\"2e890df\" data-element_type=\"container\" data-e-type=\"container\">\n\t\t\t\t\t<div class=\"e-con-inner\">\n\t\t<div class=\"elementor-element elementor-element-b6faaf0 e-con-full e-flex e-con e-child\" data-id=\"b6faaf0\" data-element_type=\"container\" data-e-type=\"container\">\n\t\t\t\t<div class=\"elementor-element elementor-element-44dacd8 elementor-widget elementor-widget-image\" data-id=\"44dacd8\" data-element_type=\"widget\" data-e-type=\"widget\" data-widget_type=\"image.default\">\n\t\t\t\t\t\t\t\t\t\t\t\t\t\t\t<img loading=\"lazy\" decoding=\"async\" width=\"1024\" height=\"768\" src=\"https:\/\/yellow-knights-mc.de\/wp-content\/uploads\/2025\/10\/IMG_0936-1024x768.jpg\" class=\"attachment-large size-large wp-image-152\" alt=\"\" srcset=\"https:\/\/yellow-knights-mc.de\/wp-content\/uploads\/2025\/10\/IMG_0936-1024x768.jpg 1024w, https:\/\/yellow-knights-mc.de\/wp-content\/uploads\/2025\/10\/IMG_0936-300x225.jpg 300w, https:\/\/yellow-knights-mc.de\/wp-content\/uploads\/2025\/10\/IMG_0936-768x576.jpg 768w, https:\/\/yellow-knights-mc.de\/wp-content\/uploads\/2025\/10\/IMG_0936-1536x1152.jpg 1536w, https:\/\/yellow-knights-mc.de\/wp-content\/uploads\/2025\/10\/IMG_0936-2048x1536.jpg 2048w\" sizes=\"(max-width: 1024px) 100vw, 1024px\" \/>\t\t\t\t\t\t\t\t\t\t\t\t\t\t\t<\/div>\n\t\t\t\t<\/div>\n\t\t<div class=\"elementor-element elementor-element-682681e e-con-full e-flex e-con e-child\" data-id=\"682681e\" data-element_type=\"container\" data-e-type=\"container\">\n\t\t\t\t<div class=\"elementor-element elementor-element-0a7cde1 elementor-widget elementor-widget-image\" data-id=\"0a7cde1\" data-element_type=\"widget\" data-e-type=\"widget\" data-widget_type=\"image.default\">\n\t\t\t\t\t\t\t\t\t\t\t\t\t\t\t<img loading=\"lazy\" decoding=\"async\" width=\"1024\" height=\"768\" src=\"https:\/\/yellow-knights-mc.de\/wp-content\/uploads\/2025\/10\/WhatsApp-Bild-2025-10-07-um-15.41.04_27723062-1024x768.jpg\" class=\"attachment-large size-large wp-image-154\" alt=\"\" srcset=\"https:\/\/yellow-knights-mc.de\/wp-content\/uploads\/2025\/10\/WhatsApp-Bild-2025-10-07-um-15.41.04_27723062-1024x768.jpg 1024w, https:\/\/yellow-knights-mc.de\/wp-content\/uploads\/2025\/10\/WhatsApp-Bild-2025-10-07-um-15.41.04_27723062-300x225.jpg 300w, https:\/\/yellow-knights-mc.de\/wp-content\/uploads\/2025\/10\/WhatsApp-Bild-2025-10-07-um-15.41.04_27723062-768x576.jpg 768w, https:\/\/yellow-knights-mc.de\/wp-content\/uploads\/2025\/10\/WhatsApp-Bild-2025-10-07-um-15.41.04_27723062-1536x1152.jpg 1536w, https:\/\/yellow-knights-mc.de\/wp-content\/uploads\/2025\/10\/WhatsApp-Bild-2025-10-07-um-15.41.04_27723062.jpg 1600w\" sizes=\"(max-width: 1024px) 100vw, 1024px\" \/>\t\t\t\t\t\t\t\t\t\t\t\t\t\t\t<\/div>\n\t\t\t\t<\/div>\n\t\t\t\t\t<\/div>\n\t\t\t\t<\/div>\n\t\t\t\t<\/div>\n\t\t","protected":false},"excerpt":{"rendered":"<p>Chapter III Chapter III Donau S\u00fcd, wie der Name schon sagt, befinden wir uns im S\u00fcden von Baden-W\u00fcrttemberg. Hier pflegen [&hellip;]<\/p>\n","protected":false},"author":1,"featured_media":0,"parent":11,"menu_order":3,"comment_status":"closed","ping_status":"closed","template":"","meta":{"site-sidebar-layout":"no-sidebar","site-content-layout":"","ast-site-content-layout":"full-width-container","site-content-style":"default","site-sidebar-style":"default","ast-global-header-display":"","ast-banner-title-visibility":"","ast-main-header-display":"","ast-hfb-above-header-display":"","ast-hfb-below-header-display":"","ast-hfb-mobile-header-display":"","site-post-title":"disabled","ast-breadcrumbs-content":"","ast-featured-img":"disabled","footer-sml-layout":"","ast-disable-related-posts":"","theme-transparent-header-meta":"","adv-header-id-meta":"","stick-header-meta":"","header-above-stick-meta":"","header-main-stick-meta":"","header-below-stick-meta":"","astra-migrate-meta-layouts":"default","ast-page-background-enabled":"default","ast-page-background-meta":{"desktop":{"background-color":"var(--ast-global-color-5)","background-image":"","background-repeat":"repeat","background-position":"center center","background-size":"auto","background-attachment":"scroll","background-type":"","background-media":"","overlay-type":"","overlay-color":"","overlay-opacity":"","overlay-gradient":""},"tablet":{"background-color":"","background-image":"","background-repeat":"repeat","background-position":"center center","background-size":"auto","background-attachment":"scroll","background-type":"","background-media":"","overlay-type":"","overlay-color":"","overlay-opacity":"","overlay-gradient":""},"mobile":{"background-color":"","background-image":"","background-repeat":"repeat","background-position":"center center","background-size":"auto","background-attachment":"scroll","background-type":"","background-media":"","overlay-type":"","overlay-color":"","overlay-opacity":"","overlay-gradient":""}},"ast-content-background-meta":{"desktop":{"background-color":"var(--ast-global-color-4)","background-image":"","background-repeat":"repeat","background-position":"center center","background-size":"auto","background-attachment":"scroll","background-type":"","background-media":"","overlay-type":"","overlay-color":"","overlay-opacity":"","overlay-gradient":""},"tablet":{"background-color":"var(--ast-global-color-4)","background-image":"","background-repeat":"repeat","background-position":"center center","background-size":"auto","background-attachment":"scroll","background-type":"","background-media":"","overlay-type":"","overlay-color":"","overlay-opacity":"","overlay-gradient":""},"mobile":{"background-color":"var(--ast-global-color-4)","background-image":"","background-repeat":"repeat","background-position":"center center","background-size":"auto","background-attachment":"scroll","background-type":"","background-media":"","overlay-type":"","overlay-color":"","overlay-opacity":"","overlay-gradient":""}},"footnotes":""},"class_list":["post-112","page","type-page","status-publish","hentry"],"jetpack_sharing_enabled":true,"_links":{"self":[{"href":"https:\/\/yellow-knights-mc.de\/index.php?rest_route=\/wp\/v2\/pages\/112","targetHints":{"allow":["GET"]}}],"collection":[{"href":"https:\/\/yellow-knights-mc.de\/index.php?rest_route=\/wp\/v2\/pages"}],"about":[{"href":"https:\/\/yellow-knights-mc.de\/index.php?rest_route=\/wp\/v2\/types\/page"}],"author":[{"embeddable":true,"href":"https:\/\/yellow-knights-mc.de\/index.php?rest_route=\/wp\/v2\/users\/1"}],"replies":[{"embeddable":true,"href":"https:\/\/yellow-knights-mc.de\/index.php?rest_route=%2Fwp%2Fv2%2Fcomments&post=112"}],"version-history":[{"count":10,"href":"https:\/\/yellow-knights-mc.de\/index.php?rest_route=\/wp\/v2\/pages\/112\/revisions"}],"predecessor-version":[{"id":493,"href":"https:\/\/yellow-knights-mc.de\/index.php?rest_route=\/wp\/v2\/pages\/112\/revisions\/493"}],"up":[{"embeddable":true,"href":"https:\/\/yellow-knights-mc.de\/index.php?rest_route=\/wp\/v2\/pages\/11"}],"wp:attachment":[{"href":"https:\/\/yellow-knights-mc.de\/index.php?rest_route=%2Fwp%2Fv2%2Fmedia&parent=112"}],"curies":[{"name":"wp","href":"https:\/\/api.w.org\/{rel}","templated":true}]}}