{"id":64,"date":"2025-10-07T13:58:17","date_gmt":"2025-10-07T11:58:17","guid":{"rendered":"http:\/\/yellow-knights-mc.de\/?page_id=64"},"modified":"2025-10-07T16:52:09","modified_gmt":"2025-10-07T14:52:09","slug":"unsere-geschichte","status":"publish","type":"page","link":"https:\/\/yellow-knights-mc.de\/?page_id=64","title":{"rendered":"Unsere Geschichte"},"content":{"rendered":"\t\t<div data-elementor-type=\"wp-page\" data-elementor-id=\"64\" class=\"elementor elementor-64\">\n\t\t\t\t<div class=\"elementor-element elementor-element-88b1775 e-flex e-con-boxed e-con e-parent\" data-id=\"88b1775\" data-element_type=\"container\" data-e-type=\"container\" data-settings=\"{&quot;background_background&quot;:&quot;classic&quot;}\">\n\t\t\t\t\t<div class=\"e-con-inner\">\n\t\t\t\t<div class=\"elementor-element elementor-element-264536c elementor-widget elementor-widget-text-editor\" data-id=\"264536c\" data-element_type=\"widget\" data-e-type=\"widget\" data-widget_type=\"text-editor.default\">\n\t\t\t\t\t\t\t\t\t<h1 class=\"cvGsUA direction-ltr align-center para-style-body\"><strong><span class=\"a_GcMg font-feature-liga-off font-feature-clig-off font-feature-calt-off text-decoration-none text-strikethrough-none\">Geschichte des Yellow Knights MC<\/span><\/strong><\/h1><p class=\"cvGsUA direction-ltr align-center para-style-body\"><span class=\"a_GcMg font-feature-liga-off font-feature-clig-off font-feature-calt-off text-decoration-none text-strikethrough-none\">Wir befinden uns kurz nach der Jahrhundertwende.<\/span><\/p><p class=\"cvGsUA direction-ltr align-center para-style-body\"><span class=\"a_GcMg font-feature-liga-off font-feature-clig-off font-feature-calt-off text-decoration-none text-strikethrough-none\">Viele Hilfsorganisationen in der Bundesrepublik Deutschland sowie in Europa und weltweit verf\u00fcgen \u00fcber Motorradrettungseinheiten, die bei Sanit\u00e4tsdiensten zum Einsatz kommen. Dazu z\u00e4hlen nationale Organisationen wie das Deutsche Rote Kreuz, der Arbeiter-Samariter-Bund und die Johanniter-Unfall-Hilfe e.V. Bislang gab es jedoch kaum eine Zusammenarbeit dieser Organisationen im Bereich der Motorradrettung.<\/span><\/p><p class=\"cvGsUA direction-ltr align-center para-style-body\"><span class=\"a_GcMg font-feature-liga-off font-feature-clig-off font-feature-calt-off text-decoration-none text-strikethrough-none\">2006 entstand die Idee, einen eigenen Motorradclub (MC) zu gr\u00fcnden. Die Namensfindung erwies sich als komplizierter als erwartet. Obwohl wir von den &#8222;Red Knights&#8220;, den &#8222;Blue Knights&#8220; und den &#8222;Green Knights&#8220; wussten, kam uns zun\u00e4chst nicht die Idee, unseren MC &#8222;Yellow Knights&#8220; zu nennen. Stattdessen einigte man sich vor\u00fcbergehend auf den Namen &#8222;EMS-MRU&#8220; f\u00fcr den Club, was sich als ungl\u00fcckliche Wahl herausstellte, da bereits die Aussprache des Namens Probleme bereitete.<\/span><\/p><p class=\"cvGsUA direction-ltr align-center para-style-body\"><span class=\"a_GcMg font-feature-liga-off font-feature-clig-off font-feature-calt-off text-decoration-none text-strikethrough-none\">Bei der Absicherung einer Motorraddemo im nieders\u00e4chsischen Salzgitter bemerkte ein Bruder die auff\u00e4llige Farbgestaltung der Einsatzmotorr\u00e4der und meinte: \u201eWarum nennen wir uns nicht YELLOW KNIGHTS MC?\u201c<\/span><\/p><p class=\"cvGsUA direction-ltr align-center para-style-body\"><span class=\"a_GcMg font-feature-liga-off font-feature-clig-off font-feature-calt-off text-decoration-none text-strikethrough-none\">Der Grund daf\u00fcr war, dass die Einsatzmotorr\u00e4der und Motorradkombis einen hohen Gelbanteil aufwiesen und auch die Helme gelb waren. Der Name erschien logisch, wurde sofort angenommen, und die Gr\u00fcndung als gemeinn\u00fctziger Verein wurde in die Wege geleitet.<\/span><\/p><p class=\"cvGsUA direction-ltr align-center para-style-body\"><span class=\"a_GcMg font-feature-liga-off font-feature-clig-off font-feature-calt-off text-decoration-none text-strikethrough-none\">Die Yellow-Knights existieren seit Juni 2016 als eingetragener Verein mit Sitz in Berlin. Aktuell haben wir Mitglieder in ganz Deutschland und bereits Chapter in Niedersachsen sowie Donau S\u00fcd, wobei weitere Chapter in Planung sind.<\/span><\/p><p class=\"cvGsUA direction-ltr align-center para-style-body\"><span class=\"a_GcMg font-feature-liga-off font-feature-clig-off font-feature-calt-off text-decoration-none text-strikethrough-none\">Die Yellow-Knights sind Mitglied der IMRUA (International Fire &amp; EMS Motorcycle Response Unit Association), einer globalen Vereinigung von Motorradfahrenden Rettern aus Feuerwehr und Rettungsdienst mit Sitz in Luxemburg. Helfer vom DRK und der Johanniter in Deutschland geh\u00f6ren zu den Gr\u00fcndungsmitgliedern der IMRUA. Diese wurde 2009 in Ungarn gegr\u00fcndet und z\u00e4hlt inzwischen Mitglieder aus 33 L\u00e4ndern, die mit Motorr\u00e4dern Leben retten, Verletzten und Kranken helfen und dort eingesetzt werden, wo traditionelle Rettungsmittel zu langsam sind.<\/span><\/p><p class=\"cvGsUA direction-ltr align-center para-style-body\"><span class=\"a_GcMg font-feature-liga-off font-feature-clig-off font-feature-calt-off text-decoration-none text-strikethrough-none\">Mit einer Anfrage aus der Ukraine zur Gr\u00fcndung eines Chapters wurde 2024 die Grundlage f\u00fcr eine internationale Satzung gelegt<\/span><\/p>\t\t\t\t\t\t\t\t<\/div>\n\t\t\t\t\t<\/div>\n\t\t\t\t<\/div>\n\t\t<div class=\"elementor-element elementor-element-1f10f11 e-flex e-con-boxed e-con e-parent\" data-id=\"1f10f11\" data-element_type=\"container\" data-e-type=\"container\" data-settings=\"{&quot;background_background&quot;:&quot;classic&quot;}\">\n\t\t\t\t\t<div class=\"e-con-inner\">\n\t\t\t\t<div class=\"elementor-element elementor-element-b920900 elementor-widget__width-initial elementor-widget elementor-widget-image\" data-id=\"b920900\" data-element_type=\"widget\" data-e-type=\"widget\" data-widget_type=\"image.default\">\n\t\t\t\t\t\t\t\t\t\t\t\t<figure class=\"wp-caption\">\n\t\t\t\t\t\t\t\t\t\t<img fetchpriority=\"high\" decoding=\"async\" width=\"1024\" height=\"768\" src=\"http:\/\/yellow-knights-mc.de\/wp-content\/uploads\/2025\/10\/WhatsApp-Bild-2025-10-07-um-14.08.49_f9b5c6e6-1024x768.jpg\" class=\"attachment-large size-large wp-image-75\" alt=\"\" srcset=\"http:\/\/yellow-knights-mc.de\/wp-content\/uploads\/2025\/10\/WhatsApp-Bild-2025-10-07-um-14.08.49_f9b5c6e6-1024x768.jpg 1024w, http:\/\/yellow-knights-mc.de\/wp-content\/uploads\/2025\/10\/WhatsApp-Bild-2025-10-07-um-14.08.49_f9b5c6e6-300x225.jpg 300w, http:\/\/yellow-knights-mc.de\/wp-content\/uploads\/2025\/10\/WhatsApp-Bild-2025-10-07-um-14.08.49_f9b5c6e6-768x576.jpg 768w, http:\/\/yellow-knights-mc.de\/wp-content\/uploads\/2025\/10\/WhatsApp-Bild-2025-10-07-um-14.08.49_f9b5c6e6.jpg 1280w\" sizes=\"(max-width: 1024px) 100vw, 1024px\" \/>\t\t\t\t\t\t\t\t\t\t\t<figcaption class=\"widget-image-caption wp-caption-text\">Salzgitter 2017<\/figcaption>\n\t\t\t\t\t\t\t\t\t\t<\/figure>\n\t\t\t\t\t\t\t\t\t<\/div>\n\t\t\t\t\t<\/div>\n\t\t\t\t<\/div>\n\t\t\t\t<\/div>\n\t\t","protected":false},"excerpt":{"rendered":"<p>Geschichte des Yellow Knights MC Wir befinden uns kurz nach der Jahrhundertwende. Viele Hilfsorganisationen in der Bundesrepublik Deutschland sowie in [&hellip;]<\/p>\n","protected":false},"author":1,"featured_media":0,"parent":9,"menu_order":1,"comment_status":"closed","ping_status":"closed","template":"","meta":{"site-sidebar-layout":"no-sidebar","site-content-layout":"","ast-site-content-layout":"full-width-container","site-content-style":"default","site-sidebar-style":"default","ast-global-header-display":"","ast-banner-title-visibility":"","ast-main-header-display":"","ast-hfb-above-header-display":"","ast-hfb-below-header-display":"","ast-hfb-mobile-header-display":"","site-post-title":"disabled","ast-breadcrumbs-content":"","ast-featured-img":"disabled","footer-sml-layout":"","ast-disable-related-posts":"","theme-transparent-header-meta":"","adv-header-id-meta":"","stick-header-meta":"","header-above-stick-meta":"","header-main-stick-meta":"","header-below-stick-meta":"","astra-migrate-meta-layouts":"default","ast-page-background-enabled":"default","ast-page-background-meta":{"desktop":{"background-color":"var(--ast-global-color-5)","background-image":"","background-repeat":"repeat","background-position":"center center","background-size":"auto","background-attachment":"scroll","background-type":"","background-media":"","overlay-type":"","overlay-color":"","overlay-opacity":"","overlay-gradient":""},"tablet":{"background-color":"","background-image":"","background-repeat":"repeat","background-position":"center center","background-size":"auto","background-attachment":"scroll","background-type":"","background-media":"","overlay-type":"","overlay-color":"","overlay-opacity":"","overlay-gradient":""},"mobile":{"background-color":"","background-image":"","background-repeat":"repeat","background-position":"center center","background-size":"auto","background-attachment":"scroll","background-type":"","background-media":"","overlay-type":"","overlay-color":"","overlay-opacity":"","overlay-gradient":""}},"ast-content-background-meta":{"desktop":{"background-color":"var(--ast-global-color-4)","background-image":"","background-repeat":"repeat","background-position":"center center","background-size":"auto","background-attachment":"scroll","background-type":"","background-media":"","overlay-type":"","overlay-color":"","overlay-opacity":"","overlay-gradient":""},"tablet":{"background-color":"var(--ast-global-color-4)","background-image":"","background-repeat":"repeat","background-position":"center center","background-size":"auto","background-attachment":"scroll","background-type":"","background-media":"","overlay-type":"","overlay-color":"","overlay-opacity":"","overlay-gradient":""},"mobile":{"background-color":"var(--ast-global-color-4)","background-image":"","background-repeat":"repeat","background-position":"center center","background-size":"auto","background-attachment":"scroll","background-type":"","background-media":"","overlay-type":"","overlay-color":"","overlay-opacity":"","overlay-gradient":""}},"footnotes":""},"class_list":["post-64","page","type-page","status-publish","hentry"],"jetpack_sharing_enabled":true,"_links":{"self":[{"href":"https:\/\/yellow-knights-mc.de\/index.php?rest_route=\/wp\/v2\/pages\/64","targetHints":{"allow":["GET"]}}],"collection":[{"href":"https:\/\/yellow-knights-mc.de\/index.php?rest_route=\/wp\/v2\/pages"}],"about":[{"href":"https:\/\/yellow-knights-mc.de\/index.php?rest_route=\/wp\/v2\/types\/page"}],"author":[{"embeddable":true,"href":"https:\/\/yellow-knights-mc.de\/index.php?rest_route=\/wp\/v2\/users\/1"}],"replies":[{"embeddable":true,"href":"https:\/\/yellow-knights-mc.de\/index.php?rest_route=%2Fwp%2Fv2%2Fcomments&post=64"}],"version-history":[{"count":10,"href":"https:\/\/yellow-knights-mc.de\/index.php?rest_route=\/wp\/v2\/pages\/64\/revisions"}],"predecessor-version":[{"id":96,"href":"https:\/\/yellow-knights-mc.de\/index.php?rest_route=\/wp\/v2\/pages\/64\/revisions\/96"}],"up":[{"embeddable":true,"href":"https:\/\/yellow-knights-mc.de\/index.php?rest_route=\/wp\/v2\/pages\/9"}],"wp:attachment":[{"href":"https:\/\/yellow-knights-mc.de\/index.php?rest_route=%2Fwp%2Fv2%2Fmedia&parent=64"}],"curies":[{"name":"wp","href":"https:\/\/api.w.org\/{rel}","templated":true}]}}